{"id":3244,"date":"2024-08-10T18:22:01","date_gmt":"2024-08-10T18:22:01","guid":{"rendered":"https:\/\/wojtylak.art\/?page_id=3244"},"modified":"2024-08-10T18:25:41","modified_gmt":"2024-08-10T18:25:41","slug":"zasady-zakupu","status":"publish","type":"page","link":"https:\/\/wojtylak.art\/en\/zasady-zakupu\/","title":{"rendered":"Purchase rules"},"content":{"rendered":"<div data-elementor-type=\"wp-page\" data-elementor-id=\"3244\" class=\"elementor elementor-3244\">\n\t\t\t\t\t\t<section class=\"elementor-section elementor-top-section elementor-element elementor-element-ca3d6e1 elementor-section-boxed elementor-section-height-default elementor-section-height-default\" data-id=\"ca3d6e1\" data-element_type=\"section\" data-e-type=\"section\">\n\t\t\t\t\t\t<div class=\"elementor-container elementor-column-gap-default\">\n\t\t\t\t\t<div class=\"elementor-column elementor-col-100 elementor-top-column elementor-element elementor-element-af04ed6\" data-id=\"af04ed6\" data-element_type=\"column\" data-e-type=\"column\">\n\t\t\t<div class=\"elementor-widget-wrap elementor-element-populated\">\n\t\t\t\t\t\t<div class=\"elementor-element elementor-element-6262086 elementor-widget elementor-widget-heading\" data-id=\"6262086\" data-element_type=\"widget\" data-e-type=\"widget\" data-widget_type=\"heading.default\">\n\t\t\t\t<div class=\"elementor-widget-container\">\n\t\t\t\t\t<h2 class=\"elementor-heading-title elementor-size-default\">Purchase rules<\/h2>\t\t\t\t<\/div>\n\t\t\t\t<\/div>\n\t\t\t\t\t<\/div>\n\t\t<\/div>\n\t\t\t\t\t<\/div>\n\t\t<\/section>\n\t\t\t\t<section class=\"elementor-section elementor-top-section elementor-element elementor-element-6593583 elementor-section-boxed elementor-section-height-default elementor-section-height-default\" data-id=\"6593583\" data-element_type=\"section\" data-e-type=\"section\">\n\t\t\t\t\t\t<div class=\"elementor-container elementor-column-gap-default\">\n\t\t\t\t\t<div class=\"elementor-column elementor-col-100 elementor-top-column elementor-element elementor-element-7a1327f\" data-id=\"7a1327f\" data-element_type=\"column\" data-e-type=\"column\">\n\t\t\t<div class=\"elementor-widget-wrap elementor-element-populated\">\n\t\t\t\t\t\t<div class=\"elementor-element elementor-element-f3de2ee elementor-widget elementor-widget-text-editor\" data-id=\"f3de2ee\" data-element_type=\"widget\" data-e-type=\"widget\" data-widget_type=\"text-editor.default\">\n\t\t\t\t<div class=\"elementor-widget-container\">\n\t\t\t\t\t\t\t\t\t<p>I suggest viewing paintings, especially larger ones, in person before purchasing them in my studio in Krakow. To arrange an appointment, please contact me by e-mail or telephone (I will call you back if I do not answer). Visiting the studio does not oblige you to purchase a painting, but it is worth seeing!<\/p><p>The colors and shades of the images you see on the screen may differ slightly from the colors of the originals due to individual settings of monitors and displays of end devices.<\/p><p>In the case of graphics and prints, I make every effort to ensure that the shades of the reproductions are consistent with the original work, but the photos displayed on the screen may differ slightly. Such differences between the displayed image and the original are not considered a defect and will not be a valid reason for return.<\/p><p>If you cannot see or pick up the painting in person, I suggest using a tape measure and paper tape to mark the size of the painting on the wall where it is to be placed. This helps you imagine it in your interior.<\/p>\t\t\t\t\t\t\t\t<\/div>\n\t\t\t\t<\/div>\n\t\t\t\t\t<\/div>\n\t\t<\/div>\n\t\t\t\t\t<\/div>\n\t\t<\/section>\n\t\t\t\t<section class=\"elementor-section elementor-top-section elementor-element elementor-element-d837a5b elementor-section-boxed elementor-section-height-default elementor-section-height-default\" data-id=\"d837a5b\" data-element_type=\"section\" data-e-type=\"section\">\n\t\t\t\t\t\t<div class=\"elementor-container elementor-column-gap-default\">\n\t\t\t\t\t<div class=\"elementor-column elementor-col-100 elementor-top-column elementor-element elementor-element-f698372\" data-id=\"f698372\" data-element_type=\"column\" data-e-type=\"column\">\n\t\t\t<div class=\"elementor-widget-wrap elementor-element-populated\">\n\t\t\t\t\t\t<div class=\"elementor-element elementor-element-42a749c elementor-widget elementor-widget-heading\" data-id=\"42a749c\" data-element_type=\"widget\" data-e-type=\"widget\" data-widget_type=\"heading.default\">\n\t\t\t\t<div class=\"elementor-widget-container\">\n\t\t\t\t\t<h4 class=\"elementor-heading-title elementor-size-default\">Installment\n<\/h4>\t\t\t\t<\/div>\n\t\t\t\t<\/div>\n\t\t\t\t\t<\/div>\n\t\t<\/div>\n\t\t\t\t\t<\/div>\n\t\t<\/section>\n\t\t\t\t<section class=\"elementor-section elementor-top-section elementor-element elementor-element-b38e0a4 elementor-section-boxed elementor-section-height-default elementor-section-height-default\" data-id=\"b38e0a4\" data-element_type=\"section\" data-e-type=\"section\">\n\t\t\t\t\t\t<div class=\"elementor-container elementor-column-gap-default\">\n\t\t\t\t\t<div class=\"elementor-column elementor-col-100 elementor-top-column elementor-element elementor-element-14c62db\" data-id=\"14c62db\" data-element_type=\"column\" data-e-type=\"column\">\n\t\t\t<div class=\"elementor-widget-wrap elementor-element-populated\">\n\t\t\t\t\t\t<div class=\"elementor-element elementor-element-043637e elementor-widget elementor-widget-text-editor\" data-id=\"043637e\" data-element_type=\"widget\" data-e-type=\"widget\" data-widget_type=\"text-editor.default\">\n\t\t\t\t<div class=\"elementor-widget-container\">\n\t\t\t\t\t\t\t\t\t<p>I allow the possibility of purchasing the painting in installments, after prior personal agreement with me and signing an installment sales agreement. Please contact me.<\/p>\t\t\t\t\t\t\t\t<\/div>\n\t\t\t\t<\/div>\n\t\t\t\t\t<\/div>\n\t\t<\/div>\n\t\t\t\t\t<\/div>\n\t\t<\/section>\n\t\t\t\t<section class=\"elementor-section elementor-top-section elementor-element elementor-element-ff78474 elementor-section-boxed elementor-section-height-default elementor-section-height-default\" data-id=\"ff78474\" data-element_type=\"section\" data-e-type=\"section\">\n\t\t\t\t\t\t<div class=\"elementor-container elementor-column-gap-default\">\n\t\t\t\t\t<div class=\"elementor-column elementor-col-100 elementor-top-column elementor-element elementor-element-e9c46b4\" data-id=\"e9c46b4\" data-element_type=\"column\" data-e-type=\"column\">\n\t\t\t<div class=\"elementor-widget-wrap elementor-element-populated\">\n\t\t\t\t\t\t<div class=\"elementor-element elementor-element-02b9ac7 elementor-widget elementor-widget-heading\" data-id=\"02b9ac7\" data-element_type=\"widget\" data-e-type=\"widget\" data-widget_type=\"heading.default\">\n\t\t\t\t<div class=\"elementor-widget-container\">\n\t\t\t\t\t<h4 class=\"elementor-heading-title elementor-size-default\">Packaging and delivery\n<\/h4>\t\t\t\t<\/div>\n\t\t\t\t<\/div>\n\t\t\t\t\t<\/div>\n\t\t<\/div>\n\t\t\t\t\t<\/div>\n\t\t<\/section>\n\t\t\t\t<section class=\"elementor-section elementor-top-section elementor-element elementor-element-bade21a elementor-section-boxed elementor-section-height-default elementor-section-height-default\" data-id=\"bade21a\" data-element_type=\"section\" data-e-type=\"section\">\n\t\t\t\t\t\t<div class=\"elementor-container elementor-column-gap-default\">\n\t\t\t\t\t<div class=\"elementor-column elementor-col-100 elementor-top-column elementor-element elementor-element-123a7c8\" data-id=\"123a7c8\" data-element_type=\"column\" data-e-type=\"column\">\n\t\t\t<div class=\"elementor-widget-wrap elementor-element-populated\">\n\t\t\t\t\t\t<div class=\"elementor-element elementor-element-3085f95 elementor-widget elementor-widget-text-editor\" data-id=\"3085f95\" data-element_type=\"widget\" data-e-type=\"widget\" data-widget_type=\"text-editor.default\">\n\t\t\t\t<div class=\"elementor-widget-container\">\n\t\t\t\t\t\t\t\t\t<p>For personal collection, the painting will be secured and wrapped in paper and bubble wrap. Such packaging is included in the price of the painting.<\/p><p>In the case of shipping, the cost of the painting crate or box and stiffening plates may be added to the shipping costs.<\/p><p>Original paintings will be packed and shipped within 10 business days. Within Poland, parcels are sent by courier (DPD or Inpost). Within the EU, I send parcels by Poczta Polska or courier, depending on size and weight. Most shipments within Poland arrive within 2-5 days from the time of shipment. The order processing time, including delivery time, may take from 3 to 15 business days.<\/p>\t\t\t\t\t\t\t\t<\/div>\n\t\t\t\t<\/div>\n\t\t\t\t\t<\/div>\n\t\t<\/div>\n\t\t\t\t\t<\/div>\n\t\t<\/section>\n\t\t\t\t<\/div>","protected":false},"excerpt":{"rendered":"<p>Zasady zakupu Obrazy, zw\u0142aszcza te wi\u0119ksze, proponuj\u0119 obejrze\u0107 na \u017cywo przed zakupem w mojej pracowni w Krakowie. W celu um\u00f3wienia wizyty prosz\u0119 o kontakt mailowy lub telefoniczny (oddzwaniam, je\u017celi nie odbior\u0119). Odwiedziny w pracowni nie s\u0105 zobowi\u0105zaniem do nabycia obrazu, a warto go zobaczy\u0107! Kolory i odcienie obraz\u00f3w, kt\u00f3re wida\u0107 na ekranie, mog\u0105 w niewielkim [&hellip;]<\/p>\n","protected":false},"author":2,"featured_media":0,"parent":0,"menu_order":0,"comment_status":"closed","ping_status":"closed","template":"elementor_theme","meta":{"site-sidebar-layout":"default","site-content-layout":"","ast-site-content-layout":"default","site-content-style":"default","site-sidebar-style":"default","ast-global-header-display":"","ast-banner-title-visibility":"","ast-main-header-display":"","ast-hfb-above-header-display":"","ast-hfb-below-header-display":"","ast-hfb-mobile-header-display":"","site-post-title":"disabled","ast-breadcrumbs-content":"","ast-featured-img":"","footer-sml-layout":"","theme-transparent-header-meta":"","adv-header-id-meta":"","stick-header-meta":"","header-above-stick-meta":"","header-main-stick-meta":"","header-below-stick-meta":"","astra-migrate-meta-layouts":"set","ast-page-background-enabled":"default","ast-page-background-meta":{"desktop":{"background-color":"","background-image":"","background-repeat":"repeat","background-position":"center center","background-size":"auto","background-attachment":"scroll","background-type":"","background-media":"","overlay-type":"","overlay-color":"","overlay-opacity":"","overlay-gradient":""},"tablet":{"background-color":"","background-image":"","background-repeat":"repeat","background-position":"center center","background-size":"auto","background-attachment":"scroll","background-type":"","background-media":"","overlay-type":"","overlay-color":"","overlay-opacity":"","overlay-gradient":""},"mobile":{"background-color":"","background-image":"","background-repeat":"repeat","background-position":"center center","background-size":"auto","background-attachment":"scroll","background-type":"","background-media":"","overlay-type":"","overlay-color":"","overlay-opacity":"","overlay-gradient":""}},"ast-content-background-meta":{"desktop":{"background-color":"var(--ast-global-color-5)","background-image":"","background-repeat":"repeat","background-position":"center center","background-size":"auto","background-attachment":"scroll","background-type":"","background-media":"","overlay-type":"","overlay-color":"","overlay-opacity":"","overlay-gradient":""},"tablet":{"background-color":"var(--ast-global-color-5)","background-image":"","background-repeat":"repeat","background-position":"center center","background-size":"auto","background-attachment":"scroll","background-type":"","background-media":"","overlay-type":"","overlay-color":"","overlay-opacity":"","overlay-gradient":""},"mobile":{"background-color":"var(--ast-global-color-5)","background-image":"","background-repeat":"repeat","background-position":"center center","background-size":"auto","background-attachment":"scroll","background-type":"","background-media":"","overlay-type":"","overlay-color":"","overlay-opacity":"","overlay-gradient":""}},"footnotes":""},"class_list":["post-3244","page","type-page","status-publish","hentry"],"aioseo_notices":[],"_links":{"self":[{"href":"https:\/\/wojtylak.art\/en\/wp-json\/wp\/v2\/pages\/3244","targetHints":{"allow":["GET"]}}],"collection":[{"href":"https:\/\/wojtylak.art\/en\/wp-json\/wp\/v2\/pages"}],"about":[{"href":"https:\/\/wojtylak.art\/en\/wp-json\/wp\/v2\/types\/page"}],"author":[{"embeddable":true,"href":"https:\/\/wojtylak.art\/en\/wp-json\/wp\/v2\/users\/2"}],"replies":[{"embeddable":true,"href":"https:\/\/wojtylak.art\/en\/wp-json\/wp\/v2\/comments?post=3244"}],"version-history":[{"count":4,"href":"https:\/\/wojtylak.art\/en\/wp-json\/wp\/v2\/pages\/3244\/revisions"}],"predecessor-version":[{"id":3248,"href":"https:\/\/wojtylak.art\/en\/wp-json\/wp\/v2\/pages\/3244\/revisions\/3248"}],"wp:attachment":[{"href":"https:\/\/wojtylak.art\/en\/wp-json\/wp\/v2\/media?parent=3244"}],"curies":[{"name":"wp","href":"https:\/\/api.w.org\/{rel}","templated":true}]}}