{"id":3209,"date":"2024-08-07T17:26:17","date_gmt":"2024-08-07T17:26:17","guid":{"rendered":"https:\/\/wojtylak.art\/?post_type=product&#038;p=3209"},"modified":"2024-08-14T20:57:00","modified_gmt":"2024-08-14T20:57:00","slug":"tajemnica-trzeciego-wymiaru","status":"publish","type":"product","link":"https:\/\/wojtylak.art\/en\/product\/tajemnica-trzeciego-wymiaru\/","title":{"rendered":"Tajemnica Trzeciego Wymiaru. Jak uzyska\u0107 wra\u017cenie przestrzeni w swoich rysunkach"},"content":{"rendered":"<p>Spis temat\u00f3w:<\/p>\n<ol>\n<li>Skala walorowa<\/li>\n<li>\u015awiat\u0142a i cienie<\/li>\n<li>Grupy walorowe<\/li>\n<li>Cie\u0144 formy i cie\u0144 rzucony<\/li>\n<li>\u015awiat\u0142a odbite<\/li>\n<li>Kraw\u0119dzie.<\/li>\n<\/ol>\n<p>&nbsp;<\/p>","protected":false},"excerpt":{"rendered":"<p>&nbsp;<\/p>\n<p>Sze\u015b\u0107 lekcji z \u0107wiczeniami w formacie pdf do samodzielnego wydruku<\/p>\n<p>Forma dla m\u0142odszych rysownik\u00f3w (7-12 lat), ale tre\u015b\u0107 \u2013 niezb\u0119dna w ka\u017cdym wieku<\/p>\n<p>Zawar\u0142am tu rzeczy, kt\u00f3re sama chcia\u0142abym wiedzie\u0107, kiedy zaczyna\u0142am rysowa\u0107 z natury<\/p>\n<p>&nbsp;<\/p>\n<p>&nbsp;<\/p>\n<p>&nbsp;<\/p>","protected":false},"featured_media":3218,"template":"","meta":{"site-sidebar-layout":"default","site-content-layout":"","ast-site-content-layout":"default","site-content-style":"default","site-sidebar-style":"default","ast-global-header-display":"","ast-banner-title-visibility":"","ast-main-header-display":"","ast-hfb-above-header-display":"","ast-hfb-below-header-display":"","ast-hfb-mobile-header-display":"","site-post-title":"","ast-breadcrumbs-content":"","ast-featured-img":"","footer-sml-layout":"","theme-transparent-header-meta":"default","adv-header-id-meta":"","stick-header-meta":"","header-above-stick-meta":"","header-main-stick-meta":"","header-below-stick-meta":"","astra-migrate-meta-layouts":"set","ast-page-background-enabled":"default","ast-page-background-meta":{"desktop":{"background-color":"","background-image":"","background-repeat":"repeat","background-position":"center center","background-size":"auto","background-attachment":"scroll","background-type":"","background-media":"","overlay-type":"","overlay-color":"","overlay-opacity":"","overlay-gradient":""},"tablet":{"background-color":"","background-image":"","background-repeat":"repeat","background-position":"center center","background-size":"auto","background-attachment":"scroll","background-type":"","background-media":"","overlay-type":"","overlay-color":"","overlay-opacity":"","overlay-gradient":""},"mobile":{"background-color":"","background-image":"","background-repeat":"repeat","background-position":"center center","background-size":"auto","background-attachment":"scroll","background-type":"","background-media":"","overlay-type":"","overlay-color":"","overlay-opacity":"","overlay-gradient":""}},"ast-content-background-meta":{"desktop":{"background-color":"var(--ast-global-color-5)","background-image":"","background-repeat":"repeat","background-position":"center center","background-size":"auto","background-attachment":"scroll","background-type":"","background-media":"","overlay-type":"","overlay-color":"","overlay-opacity":"","overlay-gradient":""},"tablet":{"background-color":"var(--ast-global-color-5)","background-image":"","background-repeat":"repeat","background-position":"center center","background-size":"auto","background-attachment":"scroll","background-type":"","background-media":"","overlay-type":"","overlay-color":"","overlay-opacity":"","overlay-gradient":""},"mobile":{"background-color":"var(--ast-global-color-5)","background-image":"","background-repeat":"repeat","background-position":"center center","background-size":"auto","background-attachment":"scroll","background-type":"","background-media":"","overlay-type":"","overlay-color":"","overlay-opacity":"","overlay-gradient":""}}},"product_brand":[],"product_cat":[30,25],"product_tag":[],"class_list":{"0":"post-3209","1":"product","2":"type-product","3":"status-publish","4":"has-post-thumbnail","6":"product_cat-do-pobrania","7":"product_cat-wszystkie","8":"product_shipping_class-printy","9":"desktop-align-left","10":"tablet-align-left","11":"mobile-align-left","13":"first","14":"instock","15":"downloadable","16":"virtual","17":"sold-individually","18":"purchasable","19":"product-type-simple"},"aioseo_notices":[],"_links":{"self":[{"href":"https:\/\/wojtylak.art\/en\/wp-json\/wp\/v2\/product\/3209","targetHints":{"allow":["GET"]}}],"collection":[{"href":"https:\/\/wojtylak.art\/en\/wp-json\/wp\/v2\/product"}],"about":[{"href":"https:\/\/wojtylak.art\/en\/wp-json\/wp\/v2\/types\/product"}],"version-history":[{"count":6,"href":"https:\/\/wojtylak.art\/en\/wp-json\/wp\/v2\/product\/3209\/revisions"}],"predecessor-version":[{"id":3295,"href":"https:\/\/wojtylak.art\/en\/wp-json\/wp\/v2\/product\/3209\/revisions\/3295"}],"wp:featuredmedia":[{"embeddable":true,"href":"https:\/\/wojtylak.art\/en\/wp-json\/wp\/v2\/media\/3218"}],"wp:attachment":[{"href":"https:\/\/wojtylak.art\/en\/wp-json\/wp\/v2\/media?parent=3209"}],"wp:term":[{"taxonomy":"product_brand","embeddable":true,"href":"https:\/\/wojtylak.art\/en\/wp-json\/wp\/v2\/product_brand?post=3209"},{"taxonomy":"product_cat","embeddable":true,"href":"https:\/\/wojtylak.art\/en\/wp-json\/wp\/v2\/product_cat?post=3209"},{"taxonomy":"product_tag","embeddable":true,"href":"https:\/\/wojtylak.art\/en\/wp-json\/wp\/v2\/product_tag?post=3209"}],"curies":[{"name":"wp","href":"https:\/\/api.w.org\/{rel}","templated":true}]}}