{"id":3899,"date":"2024-11-22T10:33:48","date_gmt":"2024-11-22T10:33:48","guid":{"rendered":"https:\/\/wojtylak.art\/?post_type=product&#038;p=3899"},"modified":"2024-11-22T10:48:45","modified_gmt":"2024-11-22T10:48:45","slug":"chaotyk-jesienny-nr-4","status":"publish","type":"product","link":"https:\/\/wojtylak.art\/en\/product\/chaotyk-jesienny-nr-4\/","title":{"rendered":"Chaotyk jesienny nr 4"},"content":{"rendered":"<p><span style=\"font-size: 16px;\">Chaotyk jesienny nr 4 z cyklu: Ko\u0142tuny i chaotyki<br \/>\n<\/span><span style=\"font-size: 16px;\">Kola\u017c na kartonie z podmal\u00f3wk\u0105 akrylow\u0105,<br \/>\nRozmiar 27 cm x 25 cm<\/span><\/p>\n<p><span style=\"font-size: 16px;\">Wi\u0119cej na moim profilu <\/span><a style=\"font-size: 16px; background-color: #ffffff;\" href=\"https:\/\/www.instagram.com\/wojtylak.art\/\" target=\"_blank\" rel=\"noopener\">instagram<\/a><span style=\"font-size: 16px;\"> i <\/span><a style=\"font-size: 16px; background-color: #ffffff;\" href=\"https:\/\/www.facebook.com\/wojtylakart\/\" target=\"_blank\" rel=\"noopener\">Facebook<\/a><\/p>","protected":false},"excerpt":{"rendered":"<p>z cyklu: Ko\u0142tuny i chaotyki<\/p>\n<p>&nbsp;<\/p>\n<p>&nbsp;<\/p>\n<table>\n<tbody>\n<tr>\n<td width=\"40\"><strong>size<\/strong><\/td>\n<td width=\"70\">27 cm x 25 cm<\/td>\n<\/tr>\n<tr>\n<td width=\"40\"><strong>technique<\/strong><\/td>\n<td width=\"70\">kola\u017c na kartonie z podmal\u00f3wk\u0105 akrylow\u0105<\/td>\n<\/tr>\n<tr>\n<td width=\"40\"><strong>year<\/strong><\/td>\n<td width=\"70\">2024<\/td>\n<\/tr>\n<\/tbody>\n<\/table>\n<p>Praca w jednym egzemplarzu, sygnowana przez autork\u0119 na odwrociu.<br \/>\nSold without the frame visible in the photos.<br \/>\n<a title=\"Purchase rules\" href=\"https:\/\/wojtylak.art\/en\/zasady-zakupu\/\" target=\"_blank\" rel=\"noopener\">PURCHASE RULES<\/a><\/p>","protected":false},"featured_media":3870,"template":"","meta":{"site-sidebar-layout":"default","site-content-layout":"","ast-site-content-layout":"default","site-content-style":"default","site-sidebar-style":"default","ast-global-header-display":"","ast-banner-title-visibility":"","ast-main-header-display":"","ast-hfb-above-header-display":"","ast-hfb-below-header-display":"","ast-hfb-mobile-header-display":"","site-post-title":"","ast-breadcrumbs-content":"","ast-featured-img":"","footer-sml-layout":"","theme-transparent-header-meta":"default","adv-header-id-meta":"","stick-header-meta":"","header-above-stick-meta":"","header-main-stick-meta":"","header-below-stick-meta":"","astra-migrate-meta-layouts":"set","ast-page-background-enabled":"default","ast-page-background-meta":{"desktop":{"background-color":"","background-image":"","background-repeat":"repeat","background-position":"center center","background-size":"auto","background-attachment":"scroll","background-type":"","background-media":"","overlay-type":"","overlay-color":"","overlay-opacity":"","overlay-gradient":""},"tablet":{"background-color":"","background-image":"","background-repeat":"repeat","background-position":"center center","background-size":"auto","background-attachment":"scroll","background-type":"","background-media":"","overlay-type":"","overlay-color":"","overlay-opacity":"","overlay-gradient":""},"mobile":{"background-color":"","background-image":"","background-repeat":"repeat","background-position":"center center","background-size":"auto","background-attachment":"scroll","background-type":"","background-media":"","overlay-type":"","overlay-color":"","overlay-opacity":"","overlay-gradient":""}},"ast-content-background-meta":{"desktop":{"background-color":"var(--ast-global-color-5)","background-image":"","background-repeat":"repeat","background-position":"center center","background-size":"auto","background-attachment":"scroll","background-type":"","background-media":"","overlay-type":"","overlay-color":"","overlay-opacity":"","overlay-gradient":""},"tablet":{"background-color":"var(--ast-global-color-5)","background-image":"","background-repeat":"repeat","background-position":"center center","background-size":"auto","background-attachment":"scroll","background-type":"","background-media":"","overlay-type":"","overlay-color":"","overlay-opacity":"","overlay-gradient":""},"mobile":{"background-color":"var(--ast-global-color-5)","background-image":"","background-repeat":"repeat","background-position":"center center","background-size":"auto","background-attachment":"scroll","background-type":"","background-media":"","overlay-type":"","overlay-color":"","overlay-opacity":"","overlay-gradient":""}}},"product_brand":[],"product_cat":[32,34,28,27,25],"product_tag":[],"class_list":{"0":"post-3899","1":"product","2":"type-product","3":"status-publish","4":"has-post-thumbnail","6":"product_cat-cykle","7":"product_cat-koltuny-i-chaotyki","8":"product_cat-na-papierze","9":"product_cat-prace-unikatowe","10":"product_cat-wszystkie","11":"product_shipping_class-printy","12":"desktop-align-left","13":"tablet-align-left","14":"mobile-align-left","16":"first","17":"instock","18":"sold-individually","19":"purchasable","20":"product-type-simple"},"aioseo_notices":[],"_links":{"self":[{"href":"https:\/\/wojtylak.art\/en\/wp-json\/wp\/v2\/product\/3899","targetHints":{"allow":["GET"]}}],"collection":[{"href":"https:\/\/wojtylak.art\/en\/wp-json\/wp\/v2\/product"}],"about":[{"href":"https:\/\/wojtylak.art\/en\/wp-json\/wp\/v2\/types\/product"}],"version-history":[{"count":1,"href":"https:\/\/wojtylak.art\/en\/wp-json\/wp\/v2\/product\/3899\/revisions"}],"predecessor-version":[{"id":3900,"href":"https:\/\/wojtylak.art\/en\/wp-json\/wp\/v2\/product\/3899\/revisions\/3900"}],"wp:featuredmedia":[{"embeddable":true,"href":"https:\/\/wojtylak.art\/en\/wp-json\/wp\/v2\/media\/3870"}],"wp:attachment":[{"href":"https:\/\/wojtylak.art\/en\/wp-json\/wp\/v2\/media?parent=3899"}],"wp:term":[{"taxonomy":"product_brand","embeddable":true,"href":"https:\/\/wojtylak.art\/en\/wp-json\/wp\/v2\/product_brand?post=3899"},{"taxonomy":"product_cat","embeddable":true,"href":"https:\/\/wojtylak.art\/en\/wp-json\/wp\/v2\/product_cat?post=3899"},{"taxonomy":"product_tag","embeddable":true,"href":"https:\/\/wojtylak.art\/en\/wp-json\/wp\/v2\/product_tag?post=3899"}],"curies":[{"name":"wp","href":"https:\/\/api.w.org\/{rel}","templated":true}]}}